{"id":1084,"date":"2026-04-15T13:26:55","date_gmt":"2026-04-15T13:26:55","guid":{"rendered":"https:\/\/modularcabinhomes.test\/cabin-models\/folding-storage-site-unit\/"},"modified":"2026-04-22T11:21:54","modified_gmt":"2026-04-22T11:21:54","slug":"faltbare-lagereinheit","status":"publish","type":"product","link":"https:\/\/modularcabinhomes.com\/de\/cabin-models\/folding-storage-site-unit\/","title":{"rendered":"Faltbare Lager-\/Baustelleneinheit"},"content":{"rendered":"<p>Die faltbare Lager-\/Baustelleneinheit ist eine zusammenklappbare, sichere Einheit, die zur Lagerung, als Gartenhaus, Baustellenb\u00fcro, abschlie\u00dfbarer Raum oder f\u00fcr den tempor\u00e4ren Einzelhandel genutzt werden kann.<\/p>\n<p>Startpreis: EUR 3.000 + MwSt. 23%.<\/p>\n<p>Gr\u00f6\u00dfe: 13,5 m\u00b2.<\/p>\n<p>Abmessungen: 5,9 m (L) x 2,48 m (B) x 2,45 m (H gesamt).<\/p>\n<p>Schlafzimmer \/ Badezimmer: Nicht verf\u00fcgbar \/ Nicht verf\u00fcgbar.<\/p>\n<p>Wichtigste Besonderheit: Auf Wunsch des Kunden k\u00f6nnen mehrere Einheiten auf einem Anh\u00e4nger transportiert werden, wodurch die Transportkosten pro Einheit sinken.<\/p>\n<p>Lieferung\/Montage: Faltbares Lieferformat; der Kunde gibt an, dass bis zu 10 Einheiten pro 40-Fu\u00df-Tieflader m\u00f6glich sind.<\/p>\n<p>Nicht enthalten: Es wurde keine formale Liste der eingeschlossenen Personen bereitgestellt.<\/p>\n<p>Voraussichtliche Bau- oder Lieferzeit: Wird vom Kunden nicht angegeben.<\/p>","protected":false},"excerpt":{"rendered":"<p>Zusammenklappbare 13,5 m\u00b2 gro\u00dfe Lager- oder Baustelleneinheit f\u00fcr sichere Lagerung, Gartenhaus, Baustellenb\u00fcro, sicheren Abstellraum oder tempor\u00e4ren Einzelhandelsbetrieb.<\/p>","protected":false},"featured_media":0,"template":"","meta":{"_acf_changed":false,"_kad_post_transparent":"default","_kad_post_title":"","_kad_post_layout":"default","_kad_post_sidebar_id":"","_kad_post_content_style":"default","_kad_post_vertical_padding":"default","_kad_post_feature":"","_kad_post_feature_position":"","_kad_post_header":false,"_kad_post_footer":false,"_kad_post_classname":"","iawp_total_views":0},"product_brand":[],"product_cat":[27,22],"product_tag":[],"class_list":{"0":"post-1084","1":"product","2":"type-product","3":"status-publish","5":"product_cat-folding-homes","6":"product_cat-prefab-homes","8":"first","9":"instock","10":"purchasable","11":"product-type-simple","12":"entry","13":"content-bg","14":"loop-entry"},"acf":[],"yoast_head":"<!-- This site is optimized with the Yoast SEO plugin v27.4 - https:\/\/yoast.com\/product\/yoast-seo-wordpress\/ -->\n<title>Folding Storage Unit | 13.5 sqm Site Unit<\/title>\n<meta name=\"description\" content=\"See the Folding Storage Unit, a 13.5 sqm collapsible site or storage unit for secure storage, site office or pop-up retail use.\" \/>\n<meta name=\"robots\" content=\"index, follow, max-snippet:-1, max-image-preview:large, max-video-preview:-1\" \/>\n<link rel=\"canonical\" href=\"https:\/\/modularcabinhomes.com\/de\/cabin-models\/faltbare-lagereinheit\/\" \/>\n<meta property=\"og:locale\" content=\"de_DE\" \/>\n<meta property=\"og:type\" content=\"article\" \/>\n<meta property=\"og:title\" content=\"Folding Storage Unit | 13.5 sqm Site Unit\" \/>\n<meta property=\"og:description\" content=\"See the Folding Storage Unit, a 13.5 sqm collapsible site or storage unit for secure storage, site office or pop-up retail use.\" \/>\n<meta property=\"og:url\" content=\"https:\/\/modularcabinhomes.com\/de\/cabin-models\/faltbare-lagereinheit\/\" \/>\n<meta property=\"og:site_name\" content=\"Modular Cabin Homes\" \/>\n<meta property=\"article:modified_time\" content=\"2026-04-22T11:21:54+00:00\" \/>\n<meta name=\"twitter:card\" content=\"summary_large_image\" \/>\n<meta name=\"twitter:label1\" content=\"Est. reading time\" \/>\n\t<meta name=\"twitter:data1\" content=\"1\u00a0Minute\" \/>\n<script type=\"application\/ld+json\" class=\"yoast-schema-graph\">{\"@context\":\"https:\\\/\\\/schema.org\",\"@graph\":[{\"@type\":\"WebPage\",\"@id\":\"https:\\\/\\\/modularcabinhomes.com\\\/cabin-models\\\/folding-storage-site-unit\\\/\",\"url\":\"https:\\\/\\\/modularcabinhomes.com\\\/cabin-models\\\/folding-storage-site-unit\\\/\",\"name\":\"Folding Storage Unit | 13.5 sqm Site Unit\",\"isPartOf\":{\"@id\":\"https:\\\/\\\/modularcabinhomes.com\\\/#website\"},\"datePublished\":\"2026-04-15T13:26:55+00:00\",\"dateModified\":\"2026-04-22T11:21:54+00:00\",\"description\":\"See the Folding Storage Unit, a 13.5 sqm collapsible site or storage unit for secure storage, site office or pop-up retail use.\",\"breadcrumb\":{\"@id\":\"https:\\\/\\\/modularcabinhomes.com\\\/cabin-models\\\/folding-storage-site-unit\\\/#breadcrumb\"},\"inLanguage\":\"de\",\"potentialAction\":[{\"@type\":\"ReadAction\",\"target\":[\"https:\\\/\\\/modularcabinhomes.com\\\/cabin-models\\\/folding-storage-site-unit\\\/\"]}]},{\"@type\":\"BreadcrumbList\",\"@id\":\"https:\\\/\\\/modularcabinhomes.com\\\/cabin-models\\\/folding-storage-site-unit\\\/#breadcrumb\",\"itemListElement\":[{\"@type\":\"ListItem\",\"position\":1,\"name\":\"Home\",\"item\":\"https:\\\/\\\/modularcabinhomes.com\\\/\"},{\"@type\":\"ListItem\",\"position\":2,\"name\":\"Cabin Models\",\"item\":\"https:\\\/\\\/modularcabinhomes.com\\\/cabin-models\\\/\"},{\"@type\":\"ListItem\",\"position\":3,\"name\":\"Folding Storage \\\/ Site Unit\"}]},{\"@type\":\"WebSite\",\"@id\":\"https:\\\/\\\/modularcabinhomes.com\\\/#website\",\"url\":\"https:\\\/\\\/modularcabinhomes.com\\\/\",\"name\":\"Modular Cabin Homes\",\"description\":\"\",\"publisher\":{\"@id\":\"https:\\\/\\\/modularcabinhomes.com\\\/#organization\"},\"potentialAction\":[{\"@type\":\"SearchAction\",\"target\":{\"@type\":\"EntryPoint\",\"urlTemplate\":\"https:\\\/\\\/modularcabinhomes.com\\\/?s={search_term_string}\"},\"query-input\":{\"@type\":\"PropertyValueSpecification\",\"valueRequired\":true,\"valueName\":\"search_term_string\"}}],\"inLanguage\":\"de\"},{\"@type\":\"Organization\",\"@id\":\"https:\\\/\\\/modularcabinhomes.com\\\/#organization\",\"name\":\"Modular Cabin Homes\",\"url\":\"https:\\\/\\\/modularcabinhomes.com\\\/\",\"logo\":{\"@type\":\"ImageObject\",\"inLanguage\":\"de\",\"@id\":\"https:\\\/\\\/modularcabinhomes.com\\\/#\\\/schema\\\/logo\\\/image\\\/\",\"url\":\"https:\\\/\\\/modularcabinhomes.com\\\/wpcms\\\/wp-content\\\/uploads\\\/2026\\\/04\\\/modular-cabin-homes-logo-3.png\",\"contentUrl\":\"https:\\\/\\\/modularcabinhomes.com\\\/wpcms\\\/wp-content\\\/uploads\\\/2026\\\/04\\\/modular-cabin-homes-logo-3.png\",\"width\":600,\"height\":120,\"caption\":\"Modular Cabin Homes\"},\"image\":{\"@id\":\"https:\\\/\\\/modularcabinhomes.com\\\/#\\\/schema\\\/logo\\\/image\\\/\"}}]}<\/script>\n<!-- \/ Yoast SEO plugin. -->","yoast_head_json":{"title":"Faltbare Lagereinheit | 13,5 m\u00b2 Stellfl\u00e4che","description":"Sehen Sie sich die faltbare Lagereinheit an, eine 13,5 m\u00b2 gro\u00dfe, zusammenklappbare Baustellen- oder Lagereinheit f\u00fcr die sichere Lagerung, als Baustellenb\u00fcro oder f\u00fcr den Einsatz als tempor\u00e4rer Einzelhandelsladen.","robots":{"index":"index","follow":"follow","max-snippet":"max-snippet:-1","max-image-preview":"max-image-preview:large","max-video-preview":"max-video-preview:-1"},"canonical":"https:\/\/modularcabinhomes.com\/de\/cabin-models\/faltbare-lagereinheit\/","og_locale":"de_DE","og_type":"article","og_title":"Folding Storage Unit | 13.5 sqm Site Unit","og_description":"See the Folding Storage Unit, a 13.5 sqm collapsible site or storage unit for secure storage, site office or pop-up retail use.","og_url":"https:\/\/modularcabinhomes.com\/de\/cabin-models\/faltbare-lagereinheit\/","og_site_name":"Modular Cabin Homes","article_modified_time":"2026-04-22T11:21:54+00:00","twitter_card":"summary_large_image","twitter_misc":{"Est. reading time":"1\u00a0Minute"},"schema":{"@context":"https:\/\/schema.org","@graph":[{"@type":"WebPage","@id":"https:\/\/modularcabinhomes.com\/cabin-models\/folding-storage-site-unit\/","url":"https:\/\/modularcabinhomes.com\/cabin-models\/folding-storage-site-unit\/","name":"Faltbare Lagereinheit | 13,5 m\u00b2 Stellfl\u00e4che","isPartOf":{"@id":"https:\/\/modularcabinhomes.com\/#website"},"datePublished":"2026-04-15T13:26:55+00:00","dateModified":"2026-04-22T11:21:54+00:00","description":"Sehen Sie sich die faltbare Lagereinheit an, eine 13,5 m\u00b2 gro\u00dfe, zusammenklappbare Baustellen- oder Lagereinheit f\u00fcr die sichere Lagerung, als Baustellenb\u00fcro oder f\u00fcr den Einsatz als tempor\u00e4rer Einzelhandelsladen.","breadcrumb":{"@id":"https:\/\/modularcabinhomes.com\/cabin-models\/folding-storage-site-unit\/#breadcrumb"},"inLanguage":"de","potentialAction":[{"@type":"ReadAction","target":["https:\/\/modularcabinhomes.com\/cabin-models\/folding-storage-site-unit\/"]}]},{"@type":"BreadcrumbList","@id":"https:\/\/modularcabinhomes.com\/cabin-models\/folding-storage-site-unit\/#breadcrumb","itemListElement":[{"@type":"ListItem","position":1,"name":"Home","item":"https:\/\/modularcabinhomes.com\/"},{"@type":"ListItem","position":2,"name":"Cabin Models","item":"https:\/\/modularcabinhomes.com\/cabin-models\/"},{"@type":"ListItem","position":3,"name":"Folding Storage \/ Site Unit"}]},{"@type":"WebSite","@id":"https:\/\/modularcabinhomes.com\/#website","url":"https:\/\/modularcabinhomes.com\/","name":"Modulare Blockh\u00e4user","description":"","publisher":{"@id":"https:\/\/modularcabinhomes.com\/#organization"},"potentialAction":[{"@type":"SearchAction","target":{"@type":"EntryPoint","urlTemplate":"https:\/\/modularcabinhomes.com\/?s={search_term_string}"},"query-input":{"@type":"PropertyValueSpecification","valueRequired":true,"valueName":"search_term_string"}}],"inLanguage":"de"},{"@type":"Organization","@id":"https:\/\/modularcabinhomes.com\/#organization","name":"Modulare Blockh\u00e4user","url":"https:\/\/modularcabinhomes.com\/","logo":{"@type":"ImageObject","inLanguage":"de","@id":"https:\/\/modularcabinhomes.com\/#\/schema\/logo\/image\/","url":"https:\/\/modularcabinhomes.com\/wpcms\/wp-content\/uploads\/2026\/04\/modular-cabin-homes-logo-3.png","contentUrl":"https:\/\/modularcabinhomes.com\/wpcms\/wp-content\/uploads\/2026\/04\/modular-cabin-homes-logo-3.png","width":600,"height":120,"caption":"Modular Cabin Homes"},"image":{"@id":"https:\/\/modularcabinhomes.com\/#\/schema\/logo\/image\/"}}]}},"_links":{"self":[{"href":"https:\/\/modularcabinhomes.com\/de\/wp-json\/wp\/v2\/product\/1084","targetHints":{"allow":["GET"]}}],"collection":[{"href":"https:\/\/modularcabinhomes.com\/de\/wp-json\/wp\/v2\/product"}],"about":[{"href":"https:\/\/modularcabinhomes.com\/de\/wp-json\/wp\/v2\/types\/product"}],"wp:attachment":[{"href":"https:\/\/modularcabinhomes.com\/de\/wp-json\/wp\/v2\/media?parent=1084"}],"wp:term":[{"taxonomy":"product_brand","embeddable":true,"href":"https:\/\/modularcabinhomes.com\/de\/wp-json\/wp\/v2\/product_brand?post=1084"},{"taxonomy":"product_cat","embeddable":true,"href":"https:\/\/modularcabinhomes.com\/de\/wp-json\/wp\/v2\/product_cat?post=1084"},{"taxonomy":"product_tag","embeddable":true,"href":"https:\/\/modularcabinhomes.com\/de\/wp-json\/wp\/v2\/product_tag?post=1084"}],"curies":[{"name":"wp","href":"https:\/\/api.w.org\/{rel}","templated":true}]}}