{"id":1086,"date":"2026-04-15T13:26:55","date_gmt":"2026-04-15T13:26:55","guid":{"rendered":"https:\/\/modularcabinhomes.test\/cabin-models\/20ft-folding-home-large\/"},"modified":"2026-04-22T11:25:03","modified_gmt":"2026-04-22T11:25:03","slug":"casa-plegable-grande-de-20-pies","status":"publish","type":"product","link":"https:\/\/modularcabinhomes.com\/es\/cabin-models\/20ft-folding-home-large\/","title":{"rendered":"Casa plegable de 20 pies \u2013 Grande"},"content":{"rendered":"<p>La casa plegable grande de 20 pies es una casa plegable de mayor tama\u00f1o, ideal para vivir, alquilar o como alojamiento temporal en una obra, con la opci\u00f3n de a\u00f1adir un segundo dormitorio.<\/p>\n<p>Precio inicial: 15.000 EUR + IVA 13,5%.<\/p>\n<p>Superficie: 36,58 m\u00b2.<\/p>\n<p>Dimensiones: 6,2 m (largo) x 5,9 m (ancho) x 2,48 m (alto) en total.<\/p>\n<p>Dormitorios \/ ba\u00f1os: 1 \/ 1.<\/p>\n<p>Caracter\u00edsticas principales: Estructura de acero, doble acristalamiento, certificaci\u00f3n CE e ISO, instalaci\u00f3n el\u00e9ctrica y de fontaner\u00eda lista para conexi\u00f3n. Segundo dormitorio disponible por 1000 \u20ac + IVA.<\/p>\n<p>Entrega\/instalaci\u00f3n: Se entrega montado y desplegado en obra. El comprador deber\u00e1 proporcionar una carretilla elevadora o gr\u00faa de gran capacidad para la descarga y colocaci\u00f3n.<\/p>\n<p>No incluye: Preparaci\u00f3n del terreno, descarga, colocaci\u00f3n y conexiones de servicios p\u00fablicos.<\/p>\n<p>Tiempo estimado de fabricaci\u00f3n o entrega: No proporcionado por el cliente.<\/p>","protected":false},"excerpt":{"rendered":"<p>Casa plegable m\u00e1s grande de 36,58 m\u00b2 con 1 dormitorio y 1 ba\u00f1o, con la opci\u00f3n de a\u00f1adir un segundo dormitorio para vivienda, alquiler o alojamiento temporal en obra.<\/p>","protected":false},"featured_media":0,"template":"","meta":{"_acf_changed":false,"_kad_post_transparent":"default","_kad_post_title":"","_kad_post_layout":"default","_kad_post_sidebar_id":"","_kad_post_content_style":"default","_kad_post_vertical_padding":"default","_kad_post_feature":"","_kad_post_feature_position":"","_kad_post_header":false,"_kad_post_footer":false,"_kad_post_classname":"","iawp_total_views":1},"product_brand":[],"product_cat":[27,22],"product_tag":[],"class_list":{"0":"post-1086","1":"product","2":"type-product","3":"status-publish","5":"product_cat-folding-homes","6":"product_cat-prefab-homes","8":"first","9":"instock","10":"purchasable","11":"product-type-simple","12":"entry","13":"content-bg","14":"loop-entry"},"acf":[],"yoast_head":"<!-- This site is optimized with the Yoast SEO plugin v27.4 - https:\/\/yoast.com\/product\/yoast-seo-wordpress\/ -->\n<title>20ft Folding Home Large | 36.58 sqm Cabin<\/title>\n<meta name=\"description\" content=\"View the 20ft Folding Home Large, a 36.58 sqm folding cabin with 1 bedroom and 1 bathroom for living, rental or temporary accommodation.\" \/>\n<meta name=\"robots\" content=\"index, follow, max-snippet:-1, max-image-preview:large, max-video-preview:-1\" \/>\n<link rel=\"canonical\" href=\"https:\/\/modularcabinhomes.com\/es\/cabin-models\/casa-plegable-grande-de-20-pies\/\" \/>\n<meta property=\"og:locale\" content=\"es_ES\" \/>\n<meta property=\"og:type\" content=\"article\" \/>\n<meta property=\"og:title\" content=\"20ft Folding Home Large | 36.58 sqm Cabin\" \/>\n<meta property=\"og:description\" content=\"View the 20ft Folding Home Large, a 36.58 sqm folding cabin with 1 bedroom and 1 bathroom for living, rental or temporary accommodation.\" \/>\n<meta property=\"og:url\" content=\"https:\/\/modularcabinhomes.com\/es\/cabin-models\/casa-plegable-grande-de-20-pies\/\" \/>\n<meta property=\"og:site_name\" content=\"Modular Cabin Homes\" \/>\n<meta property=\"article:modified_time\" content=\"2026-04-22T11:25:03+00:00\" \/>\n<meta name=\"twitter:card\" content=\"summary_large_image\" \/>\n<meta name=\"twitter:label1\" content=\"Est. reading time\" \/>\n\t<meta name=\"twitter:data1\" content=\"1 minuto\" \/>\n<script type=\"application\/ld+json\" class=\"yoast-schema-graph\">{\"@context\":\"https:\\\/\\\/schema.org\",\"@graph\":[{\"@type\":\"WebPage\",\"@id\":\"https:\\\/\\\/modularcabinhomes.com\\\/cabin-models\\\/20ft-folding-home-large\\\/\",\"url\":\"https:\\\/\\\/modularcabinhomes.com\\\/cabin-models\\\/20ft-folding-home-large\\\/\",\"name\":\"20ft Folding Home Large | 36.58 sqm Cabin\",\"isPartOf\":{\"@id\":\"https:\\\/\\\/modularcabinhomes.com\\\/#website\"},\"datePublished\":\"2026-04-15T13:26:55+00:00\",\"dateModified\":\"2026-04-22T11:25:03+00:00\",\"description\":\"View the 20ft Folding Home Large, a 36.58 sqm folding cabin with 1 bedroom and 1 bathroom for living, rental or temporary accommodation.\",\"breadcrumb\":{\"@id\":\"https:\\\/\\\/modularcabinhomes.com\\\/cabin-models\\\/20ft-folding-home-large\\\/#breadcrumb\"},\"inLanguage\":\"es\",\"potentialAction\":[{\"@type\":\"ReadAction\",\"target\":[\"https:\\\/\\\/modularcabinhomes.com\\\/cabin-models\\\/20ft-folding-home-large\\\/\"]}]},{\"@type\":\"BreadcrumbList\",\"@id\":\"https:\\\/\\\/modularcabinhomes.com\\\/cabin-models\\\/20ft-folding-home-large\\\/#breadcrumb\",\"itemListElement\":[{\"@type\":\"ListItem\",\"position\":1,\"name\":\"Home\",\"item\":\"https:\\\/\\\/modularcabinhomes.com\\\/\"},{\"@type\":\"ListItem\",\"position\":2,\"name\":\"Cabin Models\",\"item\":\"https:\\\/\\\/modularcabinhomes.com\\\/cabin-models\\\/\"},{\"@type\":\"ListItem\",\"position\":3,\"name\":\"20ft Folding Home &#8211; Large\"}]},{\"@type\":\"WebSite\",\"@id\":\"https:\\\/\\\/modularcabinhomes.com\\\/#website\",\"url\":\"https:\\\/\\\/modularcabinhomes.com\\\/\",\"name\":\"Modular Cabin Homes\",\"description\":\"\",\"publisher\":{\"@id\":\"https:\\\/\\\/modularcabinhomes.com\\\/#organization\"},\"potentialAction\":[{\"@type\":\"SearchAction\",\"target\":{\"@type\":\"EntryPoint\",\"urlTemplate\":\"https:\\\/\\\/modularcabinhomes.com\\\/?s={search_term_string}\"},\"query-input\":{\"@type\":\"PropertyValueSpecification\",\"valueRequired\":true,\"valueName\":\"search_term_string\"}}],\"inLanguage\":\"es\"},{\"@type\":\"Organization\",\"@id\":\"https:\\\/\\\/modularcabinhomes.com\\\/#organization\",\"name\":\"Modular Cabin Homes\",\"url\":\"https:\\\/\\\/modularcabinhomes.com\\\/\",\"logo\":{\"@type\":\"ImageObject\",\"inLanguage\":\"es\",\"@id\":\"https:\\\/\\\/modularcabinhomes.com\\\/#\\\/schema\\\/logo\\\/image\\\/\",\"url\":\"https:\\\/\\\/modularcabinhomes.com\\\/wpcms\\\/wp-content\\\/uploads\\\/2026\\\/04\\\/modular-cabin-homes-logo-3.png\",\"contentUrl\":\"https:\\\/\\\/modularcabinhomes.com\\\/wpcms\\\/wp-content\\\/uploads\\\/2026\\\/04\\\/modular-cabin-homes-logo-3.png\",\"width\":600,\"height\":120,\"caption\":\"Modular Cabin Homes\"},\"image\":{\"@id\":\"https:\\\/\\\/modularcabinhomes.com\\\/#\\\/schema\\\/logo\\\/image\\\/\"}}]}<\/script>\n<!-- \/ Yoast SEO plugin. -->","yoast_head_json":{"title":"Casa plegable grande de 20 pies | Caba\u00f1a de 36,58 m\u00b2","description":"Vea la Casa Plegable Grande de 20 pies, una caba\u00f1a plegable de 36,58 m\u00b2 con 1 dormitorio y 1 ba\u00f1o para vivir, alquilar o como alojamiento temporal.","robots":{"index":"index","follow":"follow","max-snippet":"max-snippet:-1","max-image-preview":"max-image-preview:large","max-video-preview":"max-video-preview:-1"},"canonical":"https:\/\/modularcabinhomes.com\/es\/cabin-models\/casa-plegable-grande-de-20-pies\/","og_locale":"es_ES","og_type":"article","og_title":"20ft Folding Home Large | 36.58 sqm Cabin","og_description":"View the 20ft Folding Home Large, a 36.58 sqm folding cabin with 1 bedroom and 1 bathroom for living, rental or temporary accommodation.","og_url":"https:\/\/modularcabinhomes.com\/es\/cabin-models\/casa-plegable-grande-de-20-pies\/","og_site_name":"Modular Cabin Homes","article_modified_time":"2026-04-22T11:25:03+00:00","twitter_card":"summary_large_image","twitter_misc":{"Est. reading time":"1 minuto"},"schema":{"@context":"https:\/\/schema.org","@graph":[{"@type":"WebPage","@id":"https:\/\/modularcabinhomes.com\/cabin-models\/20ft-folding-home-large\/","url":"https:\/\/modularcabinhomes.com\/cabin-models\/20ft-folding-home-large\/","name":"Casa plegable grande de 20 pies | Caba\u00f1a de 36,58 m\u00b2","isPartOf":{"@id":"https:\/\/modularcabinhomes.com\/#website"},"datePublished":"2026-04-15T13:26:55+00:00","dateModified":"2026-04-22T11:25:03+00:00","description":"Vea la Casa Plegable Grande de 20 pies, una caba\u00f1a plegable de 36,58 m\u00b2 con 1 dormitorio y 1 ba\u00f1o para vivir, alquilar o como alojamiento temporal.","breadcrumb":{"@id":"https:\/\/modularcabinhomes.com\/cabin-models\/20ft-folding-home-large\/#breadcrumb"},"inLanguage":"es","potentialAction":[{"@type":"ReadAction","target":["https:\/\/modularcabinhomes.com\/cabin-models\/20ft-folding-home-large\/"]}]},{"@type":"BreadcrumbList","@id":"https:\/\/modularcabinhomes.com\/cabin-models\/20ft-folding-home-large\/#breadcrumb","itemListElement":[{"@type":"ListItem","position":1,"name":"Home","item":"https:\/\/modularcabinhomes.com\/"},{"@type":"ListItem","position":2,"name":"Cabin Models","item":"https:\/\/modularcabinhomes.com\/cabin-models\/"},{"@type":"ListItem","position":3,"name":"20ft Folding Home &#8211; Large"}]},{"@type":"WebSite","@id":"https:\/\/modularcabinhomes.com\/#website","url":"https:\/\/modularcabinhomes.com\/","name":"Casas modulares tipo caba\u00f1a","description":"","publisher":{"@id":"https:\/\/modularcabinhomes.com\/#organization"},"potentialAction":[{"@type":"SearchAction","target":{"@type":"EntryPoint","urlTemplate":"https:\/\/modularcabinhomes.com\/?s={search_term_string}"},"query-input":{"@type":"PropertyValueSpecification","valueRequired":true,"valueName":"search_term_string"}}],"inLanguage":"es"},{"@type":"Organization","@id":"https:\/\/modularcabinhomes.com\/#organization","name":"Casas modulares tipo caba\u00f1a","url":"https:\/\/modularcabinhomes.com\/","logo":{"@type":"ImageObject","inLanguage":"es","@id":"https:\/\/modularcabinhomes.com\/#\/schema\/logo\/image\/","url":"https:\/\/modularcabinhomes.com\/wpcms\/wp-content\/uploads\/2026\/04\/modular-cabin-homes-logo-3.png","contentUrl":"https:\/\/modularcabinhomes.com\/wpcms\/wp-content\/uploads\/2026\/04\/modular-cabin-homes-logo-3.png","width":600,"height":120,"caption":"Modular Cabin Homes"},"image":{"@id":"https:\/\/modularcabinhomes.com\/#\/schema\/logo\/image\/"}}]}},"_links":{"self":[{"href":"https:\/\/modularcabinhomes.com\/es\/wp-json\/wp\/v2\/product\/1086","targetHints":{"allow":["GET"]}}],"collection":[{"href":"https:\/\/modularcabinhomes.com\/es\/wp-json\/wp\/v2\/product"}],"about":[{"href":"https:\/\/modularcabinhomes.com\/es\/wp-json\/wp\/v2\/types\/product"}],"wp:attachment":[{"href":"https:\/\/modularcabinhomes.com\/es\/wp-json\/wp\/v2\/media?parent=1086"}],"wp:term":[{"taxonomy":"product_brand","embeddable":true,"href":"https:\/\/modularcabinhomes.com\/es\/wp-json\/wp\/v2\/product_brand?post=1086"},{"taxonomy":"product_cat","embeddable":true,"href":"https:\/\/modularcabinhomes.com\/es\/wp-json\/wp\/v2\/product_cat?post=1086"},{"taxonomy":"product_tag","embeddable":true,"href":"https:\/\/modularcabinhomes.com\/es\/wp-json\/wp\/v2\/product_tag?post=1086"}],"curies":[{"name":"wp","href":"https:\/\/api.w.org\/{rel}","templated":true}]}}