{"id":1081,"date":"2026-04-15T13:26:55","date_gmt":"2026-04-15T13:26:55","guid":{"rendered":"https:\/\/modularcabinhomes.test\/cabin-models\/h9-luxury-living-cabin\/"},"modified":"2026-04-22T11:20:26","modified_gmt":"2026-04-22T11:20:26","slug":"cabine-de-vie-de-luxe-h9","status":"publish","type":"product","link":"https:\/\/modularcabinhomes.com\/fr\/cabin-models\/h9-luxury-living-cabin\/","title":{"rendered":"Cabine de vie de luxe H9"},"content":{"rendered":"<p>Le H9 Luxury Living Cabin est une maison modulaire haut de gamme d&#039;une chambre avec salon et cuisine s\u00e9par\u00e9s, positionn\u00e9e comme l&#039;option de long s\u00e9jour la plus luxueuse de la gamme propos\u00e9e.<\/p>\n<p>Prix de d\u00e9part : 48 000 EUR + TVA 13,5%.<\/p>\n<p>Superficie : 39 m\u00b2.<\/p>\n<p>Dimensions : 11,5 m (L) x 3,3 m (l) x 3,2 m (H au total).<\/p>\n<p>Chambres \/ salles de bains : 1 \/ 1.<\/p>\n<p>Caract\u00e9ristiques principales : Structure en acier, cadre l\u00e9ger en aluminium, double vitrage, climatisation, certifications CE et ISO revendiqu\u00e9es, c\u00e2blage et plomberie pr\u00eats pour le raccordement aux services.<\/p>\n<p>Livraison\/installation\u00a0: Livr\u00e9 enti\u00e8rement assembl\u00e9. L\u2019acheteur doit fournir un chariot \u00e9l\u00e9vateur ou une grue pour le d\u00e9chargement et la mise en place.<\/p>\n<p>Non inclus : Pr\u00e9paration du site, d\u00e9chargement, mise en place et raccordements aux services publics.<\/p>\n<p>D\u00e9lai de fabrication ou de livraison estim\u00e9\u00a0: non fourni par le client.<\/p>","protected":false},"excerpt":{"rendered":"<p>Maison modulaire haut de gamme de 39 m\u00b2 avec une chambre, salon et cuisine s\u00e9par\u00e9s, positionn\u00e9e comme l&#039;option de long s\u00e9jour la plus luxueuse de la gamme propos\u00e9e.<\/p>","protected":false},"featured_media":0,"template":"","meta":{"_acf_changed":false,"_kad_post_transparent":"default","_kad_post_title":"","_kad_post_layout":"default","_kad_post_sidebar_id":"","_kad_post_content_style":"default","_kad_post_vertical_padding":"default","_kad_post_feature":"","_kad_post_feature_position":"","_kad_post_header":false,"_kad_post_footer":false,"_kad_post_classname":"","iawp_total_views":0},"product_brand":[],"product_cat":[22],"product_tag":[],"class_list":{"0":"post-1081","1":"product","2":"type-product","3":"status-publish","5":"product_cat-prefab-homes","7":"first","8":"instock","9":"purchasable","10":"product-type-simple","11":"entry","12":"content-bg","13":"loop-entry"},"acf":[],"yoast_head":"<!-- This site is optimized with the Yoast SEO plugin v27.4 - https:\/\/yoast.com\/product\/yoast-seo-wordpress\/ -->\n<title>H9 Luxury Living Cabin | 39 sqm Modular Home<\/title>\n<meta name=\"description\" content=\"View the H9 Luxury Living Cabin, a 39 sqm modular home with separate living and kitchen spaces, 1 bedroom and 1 bathroom for longer stays.\" \/>\n<meta name=\"robots\" content=\"index, follow, max-snippet:-1, max-image-preview:large, max-video-preview:-1\" \/>\n<link rel=\"canonical\" href=\"https:\/\/modularcabinhomes.com\/fr\/cabin-models\/cabine-de-vie-de-luxe-h9\/\" \/>\n<meta property=\"og:locale\" content=\"fr_FR\" \/>\n<meta property=\"og:type\" content=\"article\" \/>\n<meta property=\"og:title\" content=\"H9 Luxury Living Cabin | 39 sqm Modular Home\" \/>\n<meta property=\"og:description\" content=\"View the H9 Luxury Living Cabin, a 39 sqm modular home with separate living and kitchen spaces, 1 bedroom and 1 bathroom for longer stays.\" \/>\n<meta property=\"og:url\" content=\"https:\/\/modularcabinhomes.com\/fr\/cabin-models\/cabine-de-vie-de-luxe-h9\/\" \/>\n<meta property=\"og:site_name\" content=\"Modular Cabin Homes\" \/>\n<meta property=\"article:modified_time\" content=\"2026-04-22T11:20:26+00:00\" \/>\n<meta name=\"twitter:card\" content=\"summary_large_image\" \/>\n<meta name=\"twitter:label1\" content=\"Est. reading time\" \/>\n\t<meta name=\"twitter:data1\" content=\"1 minute\" \/>\n<script type=\"application\/ld+json\" class=\"yoast-schema-graph\">{\"@context\":\"https:\\\/\\\/schema.org\",\"@graph\":[{\"@type\":\"WebPage\",\"@id\":\"https:\\\/\\\/modularcabinhomes.com\\\/cabin-models\\\/h9-luxury-living-cabin\\\/\",\"url\":\"https:\\\/\\\/modularcabinhomes.com\\\/cabin-models\\\/h9-luxury-living-cabin\\\/\",\"name\":\"H9 Luxury Living Cabin | 39 sqm Modular Home\",\"isPartOf\":{\"@id\":\"https:\\\/\\\/modularcabinhomes.com\\\/#website\"},\"datePublished\":\"2026-04-15T13:26:55+00:00\",\"dateModified\":\"2026-04-22T11:20:26+00:00\",\"description\":\"View the H9 Luxury Living Cabin, a 39 sqm modular home with separate living and kitchen spaces, 1 bedroom and 1 bathroom for longer stays.\",\"breadcrumb\":{\"@id\":\"https:\\\/\\\/modularcabinhomes.com\\\/cabin-models\\\/h9-luxury-living-cabin\\\/#breadcrumb\"},\"inLanguage\":\"fr-FR\",\"potentialAction\":[{\"@type\":\"ReadAction\",\"target\":[\"https:\\\/\\\/modularcabinhomes.com\\\/cabin-models\\\/h9-luxury-living-cabin\\\/\"]}]},{\"@type\":\"BreadcrumbList\",\"@id\":\"https:\\\/\\\/modularcabinhomes.com\\\/cabin-models\\\/h9-luxury-living-cabin\\\/#breadcrumb\",\"itemListElement\":[{\"@type\":\"ListItem\",\"position\":1,\"name\":\"Home\",\"item\":\"https:\\\/\\\/modularcabinhomes.com\\\/\"},{\"@type\":\"ListItem\",\"position\":2,\"name\":\"Cabin Models\",\"item\":\"https:\\\/\\\/modularcabinhomes.com\\\/cabin-models\\\/\"},{\"@type\":\"ListItem\",\"position\":3,\"name\":\"H9 Luxury Living Cabin\"}]},{\"@type\":\"WebSite\",\"@id\":\"https:\\\/\\\/modularcabinhomes.com\\\/#website\",\"url\":\"https:\\\/\\\/modularcabinhomes.com\\\/\",\"name\":\"Modular Cabin Homes\",\"description\":\"\",\"publisher\":{\"@id\":\"https:\\\/\\\/modularcabinhomes.com\\\/#organization\"},\"potentialAction\":[{\"@type\":\"SearchAction\",\"target\":{\"@type\":\"EntryPoint\",\"urlTemplate\":\"https:\\\/\\\/modularcabinhomes.com\\\/?s={search_term_string}\"},\"query-input\":{\"@type\":\"PropertyValueSpecification\",\"valueRequired\":true,\"valueName\":\"search_term_string\"}}],\"inLanguage\":\"fr-FR\"},{\"@type\":\"Organization\",\"@id\":\"https:\\\/\\\/modularcabinhomes.com\\\/#organization\",\"name\":\"Modular Cabin Homes\",\"url\":\"https:\\\/\\\/modularcabinhomes.com\\\/\",\"logo\":{\"@type\":\"ImageObject\",\"inLanguage\":\"fr-FR\",\"@id\":\"https:\\\/\\\/modularcabinhomes.com\\\/#\\\/schema\\\/logo\\\/image\\\/\",\"url\":\"https:\\\/\\\/modularcabinhomes.com\\\/wpcms\\\/wp-content\\\/uploads\\\/2026\\\/04\\\/modular-cabin-homes-logo-3.png\",\"contentUrl\":\"https:\\\/\\\/modularcabinhomes.com\\\/wpcms\\\/wp-content\\\/uploads\\\/2026\\\/04\\\/modular-cabin-homes-logo-3.png\",\"width\":600,\"height\":120,\"caption\":\"Modular Cabin Homes\"},\"image\":{\"@id\":\"https:\\\/\\\/modularcabinhomes.com\\\/#\\\/schema\\\/logo\\\/image\\\/\"}}]}<\/script>\n<!-- \/ Yoast SEO plugin. -->","yoast_head_json":{"title":"Chalet de luxe H9 | Maison modulaire de 39 m\u00b2","description":"D\u00e9couvrez le chalet de luxe H9, une maison modulaire de 39 m\u00b2 avec espaces de vie et cuisine s\u00e9par\u00e9s, 1 chambre et 1 salle de bain pour les longs s\u00e9jours.","robots":{"index":"index","follow":"follow","max-snippet":"max-snippet:-1","max-image-preview":"max-image-preview:large","max-video-preview":"max-video-preview:-1"},"canonical":"https:\/\/modularcabinhomes.com\/fr\/cabin-models\/cabine-de-vie-de-luxe-h9\/","og_locale":"fr_FR","og_type":"article","og_title":"H9 Luxury Living Cabin | 39 sqm Modular Home","og_description":"View the H9 Luxury Living Cabin, a 39 sqm modular home with separate living and kitchen spaces, 1 bedroom and 1 bathroom for longer stays.","og_url":"https:\/\/modularcabinhomes.com\/fr\/cabin-models\/cabine-de-vie-de-luxe-h9\/","og_site_name":"Modular Cabin Homes","article_modified_time":"2026-04-22T11:20:26+00:00","twitter_card":"summary_large_image","twitter_misc":{"Est. reading time":"1 minute"},"schema":{"@context":"https:\/\/schema.org","@graph":[{"@type":"WebPage","@id":"https:\/\/modularcabinhomes.com\/cabin-models\/h9-luxury-living-cabin\/","url":"https:\/\/modularcabinhomes.com\/cabin-models\/h9-luxury-living-cabin\/","name":"Chalet de luxe H9 | Maison modulaire de 39 m\u00b2","isPartOf":{"@id":"https:\/\/modularcabinhomes.com\/#website"},"datePublished":"2026-04-15T13:26:55+00:00","dateModified":"2026-04-22T11:20:26+00:00","description":"D\u00e9couvrez le chalet de luxe H9, une maison modulaire de 39 m\u00b2 avec espaces de vie et cuisine s\u00e9par\u00e9s, 1 chambre et 1 salle de bain pour les longs s\u00e9jours.","breadcrumb":{"@id":"https:\/\/modularcabinhomes.com\/cabin-models\/h9-luxury-living-cabin\/#breadcrumb"},"inLanguage":"fr-FR","potentialAction":[{"@type":"ReadAction","target":["https:\/\/modularcabinhomes.com\/cabin-models\/h9-luxury-living-cabin\/"]}]},{"@type":"BreadcrumbList","@id":"https:\/\/modularcabinhomes.com\/cabin-models\/h9-luxury-living-cabin\/#breadcrumb","itemListElement":[{"@type":"ListItem","position":1,"name":"Home","item":"https:\/\/modularcabinhomes.com\/"},{"@type":"ListItem","position":2,"name":"Cabin Models","item":"https:\/\/modularcabinhomes.com\/cabin-models\/"},{"@type":"ListItem","position":3,"name":"H9 Luxury Living Cabin"}]},{"@type":"WebSite","@id":"https:\/\/modularcabinhomes.com\/#website","url":"https:\/\/modularcabinhomes.com\/","name":"Maisons modulaires en forme de cabane","description":"","publisher":{"@id":"https:\/\/modularcabinhomes.com\/#organization"},"potentialAction":[{"@type":"SearchAction","target":{"@type":"EntryPoint","urlTemplate":"https:\/\/modularcabinhomes.com\/?s={search_term_string}"},"query-input":{"@type":"PropertyValueSpecification","valueRequired":true,"valueName":"search_term_string"}}],"inLanguage":"fr-FR"},{"@type":"Organization","@id":"https:\/\/modularcabinhomes.com\/#organization","name":"Maisons modulaires en forme de cabane","url":"https:\/\/modularcabinhomes.com\/","logo":{"@type":"ImageObject","inLanguage":"fr-FR","@id":"https:\/\/modularcabinhomes.com\/#\/schema\/logo\/image\/","url":"https:\/\/modularcabinhomes.com\/wpcms\/wp-content\/uploads\/2026\/04\/modular-cabin-homes-logo-3.png","contentUrl":"https:\/\/modularcabinhomes.com\/wpcms\/wp-content\/uploads\/2026\/04\/modular-cabin-homes-logo-3.png","width":600,"height":120,"caption":"Modular Cabin Homes"},"image":{"@id":"https:\/\/modularcabinhomes.com\/#\/schema\/logo\/image\/"}}]}},"_links":{"self":[{"href":"https:\/\/modularcabinhomes.com\/fr\/wp-json\/wp\/v2\/product\/1081","targetHints":{"allow":["GET"]}}],"collection":[{"href":"https:\/\/modularcabinhomes.com\/fr\/wp-json\/wp\/v2\/product"}],"about":[{"href":"https:\/\/modularcabinhomes.com\/fr\/wp-json\/wp\/v2\/types\/product"}],"wp:attachment":[{"href":"https:\/\/modularcabinhomes.com\/fr\/wp-json\/wp\/v2\/media?parent=1081"}],"wp:term":[{"taxonomy":"product_brand","embeddable":true,"href":"https:\/\/modularcabinhomes.com\/fr\/wp-json\/wp\/v2\/product_brand?post=1081"},{"taxonomy":"product_cat","embeddable":true,"href":"https:\/\/modularcabinhomes.com\/fr\/wp-json\/wp\/v2\/product_cat?post=1081"},{"taxonomy":"product_tag","embeddable":true,"href":"https:\/\/modularcabinhomes.com\/fr\/wp-json\/wp\/v2\/product_tag?post=1081"}],"curies":[{"name":"wp","href":"https:\/\/api.w.org\/{rel}","templated":true}]}}