{"id":1082,"date":"2026-04-15T13:26:55","date_gmt":"2026-04-15T13:26:55","guid":{"rendered":"https:\/\/modularcabinhomes.test\/cabin-models\/p1-apple-pod\/"},"modified":"2026-04-22T11:20:55","modified_gmt":"2026-04-22T11:20:55","slug":"p1-pomme-gousse","status":"publish","type":"product","link":"https:\/\/modularcabinhomes.com\/fr\/cabin-models\/p1-apple-pod\/","title":{"rendered":"P1 Apple Pod"},"content":{"rendered":"<p>Le P1 Apple Pod est un mod\u00e8le compact d&#039;Apple Pod \u00e0 l&#039;apparence distinctive, adapt\u00e9 aux invit\u00e9s, aux bureaux \u00e0 domicile, au glamping ou aux petites locations.<\/p>\n<p>Prix de d\u00e9part : 26 000 EUR + TVA 13,5%.<\/p>\n<p>Superficie : 19,8 m\u00b2.<\/p>\n<p>Dimensions : 6,0 m (L) x 3,3 m (l) x 3,0 m (H au total).<\/p>\n<p>Chambres \/ salles de bains : 1 \/ 1.<\/p>\n<p>Caract\u00e9ristiques principales : Structure en acier, cadre l\u00e9ger en aluminium, double vitrage, climatisation, certifications CE et ISO revendiqu\u00e9es, c\u00e2blage et plomberie pr\u00eats pour le raccordement aux services.<\/p>\n<p>Livraison\/installation\u00a0: Livr\u00e9 enti\u00e8rement assembl\u00e9. L\u2019acheteur doit fournir un chariot \u00e9l\u00e9vateur ou une grue pour le d\u00e9chargement et la mise en place.<\/p>\n<p>Non inclus : Pr\u00e9paration du site, d\u00e9chargement, mise en place et raccordements aux services publics.<\/p>\n<p>D\u00e9lai de fabrication ou de livraison estim\u00e9\u00a0: non fourni par le client.<\/p>","protected":false},"excerpt":{"rendered":"<p>Mod\u00e8le Apple Pod compact de 19,8 m\u00b2 avec 1 chambre et 1 salle de bain, adapt\u00e9 \u00e0 l&#039;accueil d&#039;invit\u00e9s, au bureau \u00e0 domicile, au glamping ou aux petites locations.<\/p>","protected":false},"featured_media":0,"template":"","meta":{"_acf_changed":false,"_kad_post_transparent":"default","_kad_post_title":"","_kad_post_layout":"default","_kad_post_sidebar_id":"","_kad_post_content_style":"default","_kad_post_vertical_padding":"default","_kad_post_feature":"","_kad_post_feature_position":"","_kad_post_header":false,"_kad_post_footer":false,"_kad_post_classname":"","iawp_total_views":0},"product_brand":[],"product_cat":[26,22],"product_tag":[],"class_list":{"0":"post-1082","1":"product","2":"type-product","3":"status-publish","5":"product_cat-glamping-pods","6":"product_cat-prefab-homes","8":"first","9":"instock","10":"purchasable","11":"product-type-simple","12":"entry","13":"content-bg","14":"loop-entry"},"acf":[],"yoast_head":"<!-- This site is optimized with the Yoast SEO plugin v27.4 - https:\/\/yoast.com\/product\/yoast-seo-wordpress\/ -->\n<title>P1 Apple Pod | 19.8 sqm Modular Cabin<\/title>\n<meta name=\"description\" content=\"Explore the P1 Apple Pod, a 19.8 sqm modular cabin with 1 bedroom and 1 bathroom for guest use, glamping, rental or home office.\" \/>\n<meta name=\"robots\" content=\"index, follow, max-snippet:-1, max-image-preview:large, max-video-preview:-1\" \/>\n<link rel=\"canonical\" href=\"https:\/\/modularcabinhomes.com\/fr\/cabin-models\/p1-pomme-gousse\/\" \/>\n<meta property=\"og:locale\" content=\"fr_FR\" \/>\n<meta property=\"og:type\" content=\"article\" \/>\n<meta property=\"og:title\" content=\"P1 Apple Pod | 19.8 sqm Modular Cabin\" \/>\n<meta property=\"og:description\" content=\"Explore the P1 Apple Pod, a 19.8 sqm modular cabin with 1 bedroom and 1 bathroom for guest use, glamping, rental or home office.\" \/>\n<meta property=\"og:url\" content=\"https:\/\/modularcabinhomes.com\/fr\/cabin-models\/p1-pomme-gousse\/\" \/>\n<meta property=\"og:site_name\" content=\"Modular Cabin Homes\" \/>\n<meta property=\"article:modified_time\" content=\"2026-04-22T11:20:55+00:00\" \/>\n<meta name=\"twitter:card\" content=\"summary_large_image\" \/>\n<meta name=\"twitter:label1\" content=\"Est. reading time\" \/>\n\t<meta name=\"twitter:data1\" content=\"1 minute\" \/>\n<script type=\"application\/ld+json\" class=\"yoast-schema-graph\">{\"@context\":\"https:\\\/\\\/schema.org\",\"@graph\":[{\"@type\":\"WebPage\",\"@id\":\"https:\\\/\\\/modularcabinhomes.com\\\/cabin-models\\\/p1-apple-pod\\\/\",\"url\":\"https:\\\/\\\/modularcabinhomes.com\\\/cabin-models\\\/p1-apple-pod\\\/\",\"name\":\"P1 Apple Pod | 19.8 sqm Modular Cabin\",\"isPartOf\":{\"@id\":\"https:\\\/\\\/modularcabinhomes.com\\\/#website\"},\"datePublished\":\"2026-04-15T13:26:55+00:00\",\"dateModified\":\"2026-04-22T11:20:55+00:00\",\"description\":\"Explore the P1 Apple Pod, a 19.8 sqm modular cabin with 1 bedroom and 1 bathroom for guest use, glamping, rental or home office.\",\"breadcrumb\":{\"@id\":\"https:\\\/\\\/modularcabinhomes.com\\\/cabin-models\\\/p1-apple-pod\\\/#breadcrumb\"},\"inLanguage\":\"fr-FR\",\"potentialAction\":[{\"@type\":\"ReadAction\",\"target\":[\"https:\\\/\\\/modularcabinhomes.com\\\/cabin-models\\\/p1-apple-pod\\\/\"]}]},{\"@type\":\"BreadcrumbList\",\"@id\":\"https:\\\/\\\/modularcabinhomes.com\\\/cabin-models\\\/p1-apple-pod\\\/#breadcrumb\",\"itemListElement\":[{\"@type\":\"ListItem\",\"position\":1,\"name\":\"Home\",\"item\":\"https:\\\/\\\/modularcabinhomes.com\\\/\"},{\"@type\":\"ListItem\",\"position\":2,\"name\":\"Cabin Models\",\"item\":\"https:\\\/\\\/modularcabinhomes.com\\\/cabin-models\\\/\"},{\"@type\":\"ListItem\",\"position\":3,\"name\":\"P1 Apple Pod\"}]},{\"@type\":\"WebSite\",\"@id\":\"https:\\\/\\\/modularcabinhomes.com\\\/#website\",\"url\":\"https:\\\/\\\/modularcabinhomes.com\\\/\",\"name\":\"Modular Cabin Homes\",\"description\":\"\",\"publisher\":{\"@id\":\"https:\\\/\\\/modularcabinhomes.com\\\/#organization\"},\"potentialAction\":[{\"@type\":\"SearchAction\",\"target\":{\"@type\":\"EntryPoint\",\"urlTemplate\":\"https:\\\/\\\/modularcabinhomes.com\\\/?s={search_term_string}\"},\"query-input\":{\"@type\":\"PropertyValueSpecification\",\"valueRequired\":true,\"valueName\":\"search_term_string\"}}],\"inLanguage\":\"fr-FR\"},{\"@type\":\"Organization\",\"@id\":\"https:\\\/\\\/modularcabinhomes.com\\\/#organization\",\"name\":\"Modular Cabin Homes\",\"url\":\"https:\\\/\\\/modularcabinhomes.com\\\/\",\"logo\":{\"@type\":\"ImageObject\",\"inLanguage\":\"fr-FR\",\"@id\":\"https:\\\/\\\/modularcabinhomes.com\\\/#\\\/schema\\\/logo\\\/image\\\/\",\"url\":\"https:\\\/\\\/modularcabinhomes.com\\\/wpcms\\\/wp-content\\\/uploads\\\/2026\\\/04\\\/modular-cabin-homes-logo-3.png\",\"contentUrl\":\"https:\\\/\\\/modularcabinhomes.com\\\/wpcms\\\/wp-content\\\/uploads\\\/2026\\\/04\\\/modular-cabin-homes-logo-3.png\",\"width\":600,\"height\":120,\"caption\":\"Modular Cabin Homes\"},\"image\":{\"@id\":\"https:\\\/\\\/modularcabinhomes.com\\\/#\\\/schema\\\/logo\\\/image\\\/\"}}]}<\/script>\n<!-- \/ Yoast SEO plugin. -->","yoast_head_json":{"title":"P1 Apple Pod | Cabine modulaire de 19,8 m\u00b2","description":"D\u00e9couvrez le P1 Apple Pod, une cabane modulaire de 19,8 m\u00b2 avec 1 chambre et 1 salle de bain, id\u00e9ale pour les invit\u00e9s, le glamping, la location ou comme bureau \u00e0 domicile.","robots":{"index":"index","follow":"follow","max-snippet":"max-snippet:-1","max-image-preview":"max-image-preview:large","max-video-preview":"max-video-preview:-1"},"canonical":"https:\/\/modularcabinhomes.com\/fr\/cabin-models\/p1-pomme-gousse\/","og_locale":"fr_FR","og_type":"article","og_title":"P1 Apple Pod | 19.8 sqm Modular Cabin","og_description":"Explore the P1 Apple Pod, a 19.8 sqm modular cabin with 1 bedroom and 1 bathroom for guest use, glamping, rental or home office.","og_url":"https:\/\/modularcabinhomes.com\/fr\/cabin-models\/p1-pomme-gousse\/","og_site_name":"Modular Cabin Homes","article_modified_time":"2026-04-22T11:20:55+00:00","twitter_card":"summary_large_image","twitter_misc":{"Est. reading time":"1 minute"},"schema":{"@context":"https:\/\/schema.org","@graph":[{"@type":"WebPage","@id":"https:\/\/modularcabinhomes.com\/cabin-models\/p1-apple-pod\/","url":"https:\/\/modularcabinhomes.com\/cabin-models\/p1-apple-pod\/","name":"P1 Apple Pod | Cabine modulaire de 19,8 m\u00b2","isPartOf":{"@id":"https:\/\/modularcabinhomes.com\/#website"},"datePublished":"2026-04-15T13:26:55+00:00","dateModified":"2026-04-22T11:20:55+00:00","description":"D\u00e9couvrez le P1 Apple Pod, une cabane modulaire de 19,8 m\u00b2 avec 1 chambre et 1 salle de bain, id\u00e9ale pour les invit\u00e9s, le glamping, la location ou comme bureau \u00e0 domicile.","breadcrumb":{"@id":"https:\/\/modularcabinhomes.com\/cabin-models\/p1-apple-pod\/#breadcrumb"},"inLanguage":"fr-FR","potentialAction":[{"@type":"ReadAction","target":["https:\/\/modularcabinhomes.com\/cabin-models\/p1-apple-pod\/"]}]},{"@type":"BreadcrumbList","@id":"https:\/\/modularcabinhomes.com\/cabin-models\/p1-apple-pod\/#breadcrumb","itemListElement":[{"@type":"ListItem","position":1,"name":"Home","item":"https:\/\/modularcabinhomes.com\/"},{"@type":"ListItem","position":2,"name":"Cabin Models","item":"https:\/\/modularcabinhomes.com\/cabin-models\/"},{"@type":"ListItem","position":3,"name":"P1 Apple Pod"}]},{"@type":"WebSite","@id":"https:\/\/modularcabinhomes.com\/#website","url":"https:\/\/modularcabinhomes.com\/","name":"Maisons modulaires en forme de cabane","description":"","publisher":{"@id":"https:\/\/modularcabinhomes.com\/#organization"},"potentialAction":[{"@type":"SearchAction","target":{"@type":"EntryPoint","urlTemplate":"https:\/\/modularcabinhomes.com\/?s={search_term_string}"},"query-input":{"@type":"PropertyValueSpecification","valueRequired":true,"valueName":"search_term_string"}}],"inLanguage":"fr-FR"},{"@type":"Organization","@id":"https:\/\/modularcabinhomes.com\/#organization","name":"Maisons modulaires en forme de cabane","url":"https:\/\/modularcabinhomes.com\/","logo":{"@type":"ImageObject","inLanguage":"fr-FR","@id":"https:\/\/modularcabinhomes.com\/#\/schema\/logo\/image\/","url":"https:\/\/modularcabinhomes.com\/wpcms\/wp-content\/uploads\/2026\/04\/modular-cabin-homes-logo-3.png","contentUrl":"https:\/\/modularcabinhomes.com\/wpcms\/wp-content\/uploads\/2026\/04\/modular-cabin-homes-logo-3.png","width":600,"height":120,"caption":"Modular Cabin Homes"},"image":{"@id":"https:\/\/modularcabinhomes.com\/#\/schema\/logo\/image\/"}}]}},"_links":{"self":[{"href":"https:\/\/modularcabinhomes.com\/fr\/wp-json\/wp\/v2\/product\/1082","targetHints":{"allow":["GET"]}}],"collection":[{"href":"https:\/\/modularcabinhomes.com\/fr\/wp-json\/wp\/v2\/product"}],"about":[{"href":"https:\/\/modularcabinhomes.com\/fr\/wp-json\/wp\/v2\/types\/product"}],"wp:attachment":[{"href":"https:\/\/modularcabinhomes.com\/fr\/wp-json\/wp\/v2\/media?parent=1082"}],"wp:term":[{"taxonomy":"product_brand","embeddable":true,"href":"https:\/\/modularcabinhomes.com\/fr\/wp-json\/wp\/v2\/product_brand?post=1082"},{"taxonomy":"product_cat","embeddable":true,"href":"https:\/\/modularcabinhomes.com\/fr\/wp-json\/wp\/v2\/product_cat?post=1082"},{"taxonomy":"product_tag","embeddable":true,"href":"https:\/\/modularcabinhomes.com\/fr\/wp-json\/wp\/v2\/product_tag?post=1082"}],"curies":[{"name":"wp","href":"https:\/\/api.w.org\/{rel}","templated":true}]}}